{"id":1095,"date":"2025-09-09T11:48:14","date_gmt":"2025-09-09T09:48:14","guid":{"rendered":"https:\/\/eustaches.com\/?page_id=1095"},"modified":"2025-09-09T11:48:15","modified_gmt":"2025-09-09T09:48:15","slug":"ateliers-ensemble-chez-eustache","status":"publish","type":"page","link":"https:\/\/eustaches.com\/index.php\/vie-sociale\/ateliers-ensemble-chez-eustache\/","title":{"rendered":"Ateliers Ensemble Chez Eustache"},"content":{"rendered":"\n<p>Fran\u00e7oise vous propose des activit\u00e9s vari\u00e9es chez Eustache les jeudis apr\u00e8s-midi de 14 H \u00e0 16 H (bricolage, cr\u00e9ations, astrologie, m\u00e9ditation&#8230;)<\/p>\n\n\n\n<p>Contactez-nous pour conna\u00eetre les prochaines dates et activit\u00e9s propos\u00e9es (visible dans l&rsquo;<a href=\"https:\/\/eustaches.com\/index.php\/accueil\/agenda\/\" data-type=\"page\" data-id=\"57\">agenda<\/a>)<\/p>\n\n\n<div class=\"wp-block-image\">\n<figure class=\"aligncenter size-large is-resized\"><img loading=\"lazy\" decoding=\"async\" width=\"1024\" height=\"1024\" src=\"https:\/\/eustaches.com\/wp-content\/uploads\/2025\/09\/Creativity-cuate-1024x1024.webp\" alt=\"\" class=\"wp-image-1096\" style=\"width:223px;height:auto\" srcset=\"https:\/\/eustaches.com\/wp-content\/uploads\/2025\/09\/Creativity-cuate-1024x1024.webp 1024w, https:\/\/eustaches.com\/wp-content\/uploads\/2025\/09\/Creativity-cuate-300x300.webp 300w, https:\/\/eustaches.com\/wp-content\/uploads\/2025\/09\/Creativity-cuate-150x150.webp 150w, https:\/\/eustaches.com\/wp-content\/uploads\/2025\/09\/Creativity-cuate-768x768.webp 768w, https:\/\/eustaches.com\/wp-content\/uploads\/2025\/09\/Creativity-cuate-1536x1536.webp 1536w, https:\/\/eustaches.com\/wp-content\/uploads\/2025\/09\/Creativity-cuate-1320x1320.webp 1320w, https:\/\/eustaches.com\/wp-content\/uploads\/2025\/09\/Creativity-cuate-45x45.webp 45w, https:\/\/eustaches.com\/wp-content\/uploads\/2025\/09\/Creativity-cuate.webp 2000w\" sizes=\"auto, (max-width: 1024px) 100vw, 1024px\" \/><\/figure>\n<\/div>\n\n\n<p><\/p>\n","protected":false},"excerpt":{"rendered":"<p>Fran\u00e7oise vous propose des activit\u00e9s vari\u00e9es chez Eustache les jeudis apr\u00e8s-midi de 14 H \u00e0 16 H (bricolage, cr\u00e9ations, astrologie, m\u00e9ditation&#8230;) Contactez-nous pour conna\u00eetre les prochaines dates et activit\u00e9s propos\u00e9es (visible dans l&rsquo;agenda)<\/p>\n","protected":false},"author":3,"featured_media":0,"parent":159,"menu_order":0,"comment_status":"closed","ping_status":"closed","template":"","meta":{"footnotes":""},"class_list":["post-1095","page","type-page","status-publish","hentry"],"_links":{"self":[{"href":"https:\/\/eustaches.com\/index.php\/wp-json\/wp\/v2\/pages\/1095","targetHints":{"allow":["GET"]}}],"collection":[{"href":"https:\/\/eustaches.com\/index.php\/wp-json\/wp\/v2\/pages"}],"about":[{"href":"https:\/\/eustaches.com\/index.php\/wp-json\/wp\/v2\/types\/page"}],"author":[{"embeddable":true,"href":"https:\/\/eustaches.com\/index.php\/wp-json\/wp\/v2\/users\/3"}],"replies":[{"embeddable":true,"href":"https:\/\/eustaches.com\/index.php\/wp-json\/wp\/v2\/comments?post=1095"}],"version-history":[{"count":1,"href":"https:\/\/eustaches.com\/index.php\/wp-json\/wp\/v2\/pages\/1095\/revisions"}],"predecessor-version":[{"id":1097,"href":"https:\/\/eustaches.com\/index.php\/wp-json\/wp\/v2\/pages\/1095\/revisions\/1097"}],"up":[{"embeddable":true,"href":"https:\/\/eustaches.com\/index.php\/wp-json\/wp\/v2\/pages\/159"}],"wp:attachment":[{"href":"https:\/\/eustaches.com\/index.php\/wp-json\/wp\/v2\/media?parent=1095"}],"curies":[{"name":"wp","href":"https:\/\/api.w.org\/{rel}","templated":true}]}}