{"id":1099,"date":"2025-09-09T11:53:25","date_gmt":"2025-09-09T09:53:25","guid":{"rendered":"https:\/\/eustaches.com\/?page_id=1099"},"modified":"2025-09-09T11:53:26","modified_gmt":"2025-09-09T09:53:26","slug":"espagnol","status":"publish","type":"page","link":"https:\/\/eustaches.com\/index.php\/vie-sociale\/espagnol\/","title":{"rendered":"Espagnol"},"content":{"rendered":"\n<p>Carmen anime ce caf\u00e9 espagnol tous les 2\u00e8me et 4\u00e8me lundis du mois. Converser en espagnol pour vous entrainer de 15 H 30 \u00e0 17 H. <\/p>\n\n\n<div class=\"wp-block-image\">\n<figure class=\"aligncenter size-large is-resized\"><img loading=\"lazy\" decoding=\"async\" width=\"1024\" height=\"1024\" src=\"https:\/\/eustaches.com\/wp-content\/uploads\/2024\/05\/drinking-coffee-amico-1024x1024.webp\" alt=\"illustration de trois personnes autour d'une table qui boivent du caf\u00e9\" class=\"wp-image-625\" style=\"width:267px;height:auto\" srcset=\"https:\/\/eustaches.com\/wp-content\/uploads\/2024\/05\/drinking-coffee-amico-1024x1024.webp 1024w, https:\/\/eustaches.com\/wp-content\/uploads\/2024\/05\/drinking-coffee-amico-300x300.webp 300w, https:\/\/eustaches.com\/wp-content\/uploads\/2024\/05\/drinking-coffee-amico-150x150.webp 150w, https:\/\/eustaches.com\/wp-content\/uploads\/2024\/05\/drinking-coffee-amico-768x768.webp 768w, https:\/\/eustaches.com\/wp-content\/uploads\/2024\/05\/drinking-coffee-amico-1536x1536.webp 1536w, https:\/\/eustaches.com\/wp-content\/uploads\/2024\/05\/drinking-coffee-amico-45x45.webp 45w, https:\/\/eustaches.com\/wp-content\/uploads\/2024\/05\/drinking-coffee-amico.webp 2000w\" sizes=\"auto, (max-width: 1024px) 100vw, 1024px\" \/><\/figure>\n<\/div>\n\n\n<p><\/p>\n","protected":false},"excerpt":{"rendered":"<p>Carmen anime ce caf\u00e9 espagnol tous les 2\u00e8me et 4\u00e8me lundis du mois. Converser en espagnol pour vous entrainer de 15 H 30 \u00e0 17 H.<\/p>\n","protected":false},"author":3,"featured_media":0,"parent":159,"menu_order":0,"comment_status":"closed","ping_status":"closed","template":"","meta":{"footnotes":""},"class_list":["post-1099","page","type-page","status-publish","hentry"],"_links":{"self":[{"href":"https:\/\/eustaches.com\/index.php\/wp-json\/wp\/v2\/pages\/1099","targetHints":{"allow":["GET"]}}],"collection":[{"href":"https:\/\/eustaches.com\/index.php\/wp-json\/wp\/v2\/pages"}],"about":[{"href":"https:\/\/eustaches.com\/index.php\/wp-json\/wp\/v2\/types\/page"}],"author":[{"embeddable":true,"href":"https:\/\/eustaches.com\/index.php\/wp-json\/wp\/v2\/users\/3"}],"replies":[{"embeddable":true,"href":"https:\/\/eustaches.com\/index.php\/wp-json\/wp\/v2\/comments?post=1099"}],"version-history":[{"count":1,"href":"https:\/\/eustaches.com\/index.php\/wp-json\/wp\/v2\/pages\/1099\/revisions"}],"predecessor-version":[{"id":1100,"href":"https:\/\/eustaches.com\/index.php\/wp-json\/wp\/v2\/pages\/1099\/revisions\/1100"}],"up":[{"embeddable":true,"href":"https:\/\/eustaches.com\/index.php\/wp-json\/wp\/v2\/pages\/159"}],"wp:attachment":[{"href":"https:\/\/eustaches.com\/index.php\/wp-json\/wp\/v2\/media?parent=1099"}],"curies":[{"name":"wp","href":"https:\/\/api.w.org\/{rel}","templated":true}]}}