{"id":183,"date":"2023-08-10T09:34:10","date_gmt":"2023-08-10T07:34:10","guid":{"rendered":"http:\/\/test.eustaches.com\/?page_id=183"},"modified":"2025-06-19T09:29:15","modified_gmt":"2025-06-19T07:29:15","slug":"rando","status":"publish","type":"page","link":"https:\/\/eustaches.com\/index.php\/vie-sociale\/rando\/","title":{"rendered":"Rando"},"content":{"rendered":"\n<p>L&rsquo;atelier randonn\u00e9e est en pause pour le moment, retrouvez nous \u00e0 l&rsquo;EVS pour d&rsquo;autres ateliers !<\/p>\n\n\n\n<p><s>Marcher ensemble, les 1ers mercredis du mois. De 9h \u00e0 11h, agr\u00e9ment\u00e9 d&rsquo;une pause caf\u00e9. Accessible \u00e0 tout public.<\/s><\/p>\n\n\n\n<p><s>D\u00e9part devant Eustache pour rejoindre les marcheurs de Momo (animateur du centre de Nocaze). Sans inscription.<\/s><\/p>\n\n\n\n<div class=\"wp-block-group is-content-justification-space-between is-nowrap is-layout-flex wp-container-core-group-is-layout-cb46ffcb wp-block-group-is-layout-flex\"><ul class=\"lcp_catlist\" id=\"lcp_instance_0\"><\/ul>\n<\/div>\n\n\n<div class=\"wp-block-image\">\n<figure class=\"aligncenter size-large is-resized\"><img loading=\"lazy\" decoding=\"async\" width=\"1024\" height=\"1024\" src=\"https:\/\/eustaches.com\/wp-content\/uploads\/2024\/05\/Team-goals-cuate-1024x1024.webp\" alt=\"Illustration de trois personnes marchant main dans la main, la personne devant tient un drapeau\" class=\"wp-image-627\" style=\"width:274px;height:274px\" srcset=\"https:\/\/eustaches.com\/wp-content\/uploads\/2024\/05\/Team-goals-cuate-1024x1024.webp 1024w, https:\/\/eustaches.com\/wp-content\/uploads\/2024\/05\/Team-goals-cuate-300x300.webp 300w, https:\/\/eustaches.com\/wp-content\/uploads\/2024\/05\/Team-goals-cuate-150x150.webp 150w, https:\/\/eustaches.com\/wp-content\/uploads\/2024\/05\/Team-goals-cuate-768x768.webp 768w, https:\/\/eustaches.com\/wp-content\/uploads\/2024\/05\/Team-goals-cuate-1536x1536.webp 1536w, https:\/\/eustaches.com\/wp-content\/uploads\/2024\/05\/Team-goals-cuate-45x45.webp 45w, https:\/\/eustaches.com\/wp-content\/uploads\/2024\/05\/Team-goals-cuate.webp 2000w\" sizes=\"auto, (max-width: 1024px) 100vw, 1024px\" \/><\/figure>\n<\/div>\n\n\n<p><a href=\"https:\/\/eustaches.com\/index.php\/category\/ateliers\/rando\/\">Voir plus d&rsquo;article sur l&rsquo;atelier rando<\/a><\/p>\n","protected":false},"excerpt":{"rendered":"<p>L&rsquo;atelier randonn\u00e9e est en pause pour le moment, retrouvez nous \u00e0 l&rsquo;EVS pour d&rsquo;autres ateliers ! Marcher ensemble, les 1ers mercredis du mois. De 9h \u00e0 11h, agr\u00e9ment\u00e9 d&rsquo;une pause caf\u00e9. Accessible \u00e0 tout public. D\u00e9part devant Eustache pour rejoindre les marcheurs de Momo (animateur du centre de Nocaze). Sans inscription. Voir plus d&rsquo;article sur [&hellip;]<\/p>\n","protected":false},"author":3,"featured_media":0,"parent":159,"menu_order":0,"comment_status":"closed","ping_status":"closed","template":"","meta":{"footnotes":""},"class_list":["post-183","page","type-page","status-publish","hentry"],"_links":{"self":[{"href":"https:\/\/eustaches.com\/index.php\/wp-json\/wp\/v2\/pages\/183","targetHints":{"allow":["GET"]}}],"collection":[{"href":"https:\/\/eustaches.com\/index.php\/wp-json\/wp\/v2\/pages"}],"about":[{"href":"https:\/\/eustaches.com\/index.php\/wp-json\/wp\/v2\/types\/page"}],"author":[{"embeddable":true,"href":"https:\/\/eustaches.com\/index.php\/wp-json\/wp\/v2\/users\/3"}],"replies":[{"embeddable":true,"href":"https:\/\/eustaches.com\/index.php\/wp-json\/wp\/v2\/comments?post=183"}],"version-history":[{"count":18,"href":"https:\/\/eustaches.com\/index.php\/wp-json\/wp\/v2\/pages\/183\/revisions"}],"predecessor-version":[{"id":988,"href":"https:\/\/eustaches.com\/index.php\/wp-json\/wp\/v2\/pages\/183\/revisions\/988"}],"up":[{"embeddable":true,"href":"https:\/\/eustaches.com\/index.php\/wp-json\/wp\/v2\/pages\/159"}],"wp:attachment":[{"href":"https:\/\/eustaches.com\/index.php\/wp-json\/wp\/v2\/media?parent=183"}],"curies":[{"name":"wp","href":"https:\/\/api.w.org\/{rel}","templated":true}]}}