{"id":190,"date":"2023-08-10T09:42:10","date_gmt":"2023-08-10T07:42:10","guid":{"rendered":"http:\/\/test.eustaches.com\/?page_id=190"},"modified":"2025-08-22T11:21:57","modified_gmt":"2025-08-22T09:21:57","slug":"francais","status":"publish","type":"page","link":"https:\/\/eustaches.com\/index.php\/vie-sociale\/francais\/","title":{"rendered":"Fran\u00e7ais"},"content":{"rendered":"\n<p>Caroline anime cet <strong>atelier caf\u00e9 fran\u00e7ais<\/strong> : elle vous propose de vous exprimer en fran\u00e7ais autour d&rsquo;un caf\u00e9, de jeux ou d\u00e9couverte de la ville. Si vous \u00eates int\u00e9ress\u00e9, venez les mardis \u00e0 l&rsquo;EVS \u00e0 partir de 14h.<\/p>\n\n\n\n<p>Les mercredis apr\u00e8s-midi, <strong>FLE num\u00e9rique &#8211; int\u00e9gration<\/strong> : on travaille la lecture autour d&rsquo;un support num\u00e9rique \u00e0 l&rsquo;EPN. On apprends \u00e0 taper au clavier notre nom, pr\u00e9nom, adresse mail&#8230; pour \u00eatre plus \u00e0 l&rsquo;aise avec le num\u00e9rique et son vocabulaire.<\/p>\n\n\n\n<p>Pensez \u00e0 nous appeler pour confirmer si l\u2019atelier a bien lieu.<\/p>\n\n\n\n<div class=\"wp-block-group is-content-justification-space-between is-nowrap is-layout-flex wp-container-core-group-is-layout-cb46ffcb wp-block-group-is-layout-flex\"><ul class=\"lcp_catlist\" id=\"lcp_instance_0\"><\/ul>\n<\/div>\n\n\n<div class=\"wp-block-image\">\n<figure class=\"aligncenter size-large is-resized\"><img loading=\"lazy\" decoding=\"async\" width=\"1024\" height=\"1024\" src=\"https:\/\/eustaches.com\/wp-content\/uploads\/2024\/05\/drinking-coffee-amico-1024x1024.webp\" alt=\"illustration de trois personnes autour d'une table qui boivent du caf\u00e9\" class=\"wp-image-625\" style=\"width:278px;height:278px\" srcset=\"https:\/\/eustaches.com\/wp-content\/uploads\/2024\/05\/drinking-coffee-amico-1024x1024.webp 1024w, https:\/\/eustaches.com\/wp-content\/uploads\/2024\/05\/drinking-coffee-amico-300x300.webp 300w, https:\/\/eustaches.com\/wp-content\/uploads\/2024\/05\/drinking-coffee-amico-150x150.webp 150w, https:\/\/eustaches.com\/wp-content\/uploads\/2024\/05\/drinking-coffee-amico-768x768.webp 768w, https:\/\/eustaches.com\/wp-content\/uploads\/2024\/05\/drinking-coffee-amico-1536x1536.webp 1536w, https:\/\/eustaches.com\/wp-content\/uploads\/2024\/05\/drinking-coffee-amico-45x45.webp 45w, https:\/\/eustaches.com\/wp-content\/uploads\/2024\/05\/drinking-coffee-amico.webp 2000w\" sizes=\"auto, (max-width: 1024px) 100vw, 1024px\" \/><\/figure>\n<\/div>\n\n\n<p><a href=\"https:\/\/eustaches.com\/index.php\/category\/ateliers\/francais\/\">Voir plus d&rsquo;articles sur les ateliers fran\u00e7ais<\/a><\/p>\n","protected":false},"excerpt":{"rendered":"<p>Caroline anime cet atelier caf\u00e9 fran\u00e7ais : elle vous propose de vous exprimer en fran\u00e7ais autour d&rsquo;un caf\u00e9, de jeux ou d\u00e9couverte de la ville. Si vous \u00eates int\u00e9ress\u00e9, venez les mardis \u00e0 l&rsquo;EVS \u00e0 partir de 14h. Les mercredis apr\u00e8s-midi, FLE num\u00e9rique &#8211; int\u00e9gration : on travaille la lecture autour d&rsquo;un support num\u00e9rique \u00e0 [&hellip;]<\/p>\n","protected":false},"author":3,"featured_media":0,"parent":159,"menu_order":0,"comment_status":"closed","ping_status":"closed","template":"","meta":{"footnotes":""},"class_list":["post-190","page","type-page","status-publish","hentry"],"_links":{"self":[{"href":"https:\/\/eustaches.com\/index.php\/wp-json\/wp\/v2\/pages\/190","targetHints":{"allow":["GET"]}}],"collection":[{"href":"https:\/\/eustaches.com\/index.php\/wp-json\/wp\/v2\/pages"}],"about":[{"href":"https:\/\/eustaches.com\/index.php\/wp-json\/wp\/v2\/types\/page"}],"author":[{"embeddable":true,"href":"https:\/\/eustaches.com\/index.php\/wp-json\/wp\/v2\/users\/3"}],"replies":[{"embeddable":true,"href":"https:\/\/eustaches.com\/index.php\/wp-json\/wp\/v2\/comments?post=190"}],"version-history":[{"count":12,"href":"https:\/\/eustaches.com\/index.php\/wp-json\/wp\/v2\/pages\/190\/revisions"}],"predecessor-version":[{"id":1061,"href":"https:\/\/eustaches.com\/index.php\/wp-json\/wp\/v2\/pages\/190\/revisions\/1061"}],"up":[{"embeddable":true,"href":"https:\/\/eustaches.com\/index.php\/wp-json\/wp\/v2\/pages\/159"}],"wp:attachment":[{"href":"https:\/\/eustaches.com\/index.php\/wp-json\/wp\/v2\/media?parent=190"}],"curies":[{"name":"wp","href":"https:\/\/api.w.org\/{rel}","templated":true}]}}