{"id":194,"date":"2023-08-10T09:43:26","date_gmt":"2023-08-10T07:43:26","guid":{"rendered":"http:\/\/test.eustaches.com\/?page_id=194"},"modified":"2025-08-22T11:30:17","modified_gmt":"2025-08-22T09:30:17","slug":"gazette-regards-deustache","status":"publish","type":"page","link":"https:\/\/eustaches.com\/index.php\/vie-sociale\/gazette-regards-deustache\/","title":{"rendered":"Gazette : Regards d&rsquo;Eustache"},"content":{"rendered":"<p><iframe loading=\"lazy\" src=\"\/\/v.calameo.com\/library\/?type=account&#038;id=6124965&#038;rows=1&#038;sortBy=latestPublished&#038;theme=white&#038;bgColor=ffffff&#038;thumbSize=normal&#038;showTitle=true&#038;showShadow=true&#038;showGloss=true&#038;showInfo=date&#038;linkTo=view&#038;linkTarget=_parent\" allowfullscreen allowtransparency width=\"100%\" height=\"185\" frameborder=\"0\"><\/iframe><\/p>\n\n\n\n<hr class=\"wp-block-separator has-alpha-channel-opacity\"\/>\n\n\n\n<p>La gazette Regards d&rsquo;Eustache, historiquement n\u00e9e d&rsquo;un travail collectif des habitants \u00e0 la Retraite Active, est depuis 2022 pr\u00e9sente chez Eustache !<\/p>\n\n\n\n<p>Les diff\u00e9rents reporters ont \u00e0 c\u0153ur de partager des mots et des envies avec les autres habitants du centre ancien de Mont\u00e9limar.<\/p>\n\n\n\n<p>Bien \u00e9videmment, de nouveaux journalistes de tous \u00e2ges et de tous horizons peuvent rejoindre le comit\u00e9 de r\u00e9daction. Les diff\u00e9rentes s\u00e9ances de travail de la gazette \u00e0 \u00e9crire sont annonc\u00e9es \u00e0 chaque go\u00fbter partag\u00e9 lors de la sortie de la gazette fra\u00eechement \u00e9dit\u00e9e.<\/p>\n\n\n\n<hr class=\"wp-block-separator has-alpha-channel-opacity\"\/>\n\n\n\n<p class=\"has-text-align-center\"><strong>Les podcasts de la gazette<\/strong><\/p>\n\n\n<div class=\"wp-block-image\">\n<figure class=\"aligncenter size-full is-resized\"><a href=\"https:\/\/eustaches.com\/index.php\/radio-gazette\/\"><img loading=\"lazy\" decoding=\"async\" width=\"1000\" height=\"1000\" src=\"https:\/\/eustaches.com\/wp-content\/uploads\/2023\/12\/4736718-ai.png\" alt=\"\" class=\"wp-image-532\" style=\"width:239px;height:auto\" srcset=\"https:\/\/eustaches.com\/wp-content\/uploads\/2023\/12\/4736718-ai.png 1000w, https:\/\/eustaches.com\/wp-content\/uploads\/2023\/12\/4736718-ai-300x300.png 300w, https:\/\/eustaches.com\/wp-content\/uploads\/2023\/12\/4736718-ai-150x150.png 150w, https:\/\/eustaches.com\/wp-content\/uploads\/2023\/12\/4736718-ai-768x768.png 768w, https:\/\/eustaches.com\/wp-content\/uploads\/2023\/12\/4736718-ai-45x45.png 45w\" sizes=\"auto, (max-width: 1000px) 100vw, 1000px\" \/><\/a><\/figure>\n<\/div>\n\n\n<div class=\"wp-block-group is-nowrap is-layout-flex wp-container-core-group-is-layout-6c531013 wp-block-group-is-layout-flex\"><ul class=\"lcp_catlist\" id=\"lcp_instance_0\"><\/ul>\n<\/div>\n\n\n<div class=\"wp-block-image\">\n<figure class=\"aligncenter size-large is-resized\"><img loading=\"lazy\" decoding=\"async\" width=\"1024\" height=\"1024\" src=\"https:\/\/eustaches.com\/wp-content\/uploads\/2024\/05\/Typewriter-bro-1024x1024.webp\" alt=\"Illustration d'une machine \u00e0 \u00e9crire\" class=\"wp-image-631\" style=\"width:326px;height:326px\" srcset=\"https:\/\/eustaches.com\/wp-content\/uploads\/2024\/05\/Typewriter-bro-1024x1024.webp 1024w, https:\/\/eustaches.com\/wp-content\/uploads\/2024\/05\/Typewriter-bro-300x300.webp 300w, https:\/\/eustaches.com\/wp-content\/uploads\/2024\/05\/Typewriter-bro-150x150.webp 150w, https:\/\/eustaches.com\/wp-content\/uploads\/2024\/05\/Typewriter-bro-768x768.webp 768w, https:\/\/eustaches.com\/wp-content\/uploads\/2024\/05\/Typewriter-bro-1536x1536.webp 1536w, https:\/\/eustaches.com\/wp-content\/uploads\/2024\/05\/Typewriter-bro-45x45.webp 45w, https:\/\/eustaches.com\/wp-content\/uploads\/2024\/05\/Typewriter-bro.webp 2000w\" sizes=\"auto, (max-width: 1024px) 100vw, 1024px\" \/><\/figure>\n<\/div>\n\n\n<p><\/p>\n","protected":false},"excerpt":{"rendered":"<p>La gazette Regards d&rsquo;Eustache, historiquement n\u00e9e d&rsquo;un travail collectif des habitants \u00e0 la Retraite Active, est depuis 2022 pr\u00e9sente chez Eustache ! Les diff\u00e9rents reporters ont \u00e0 c\u0153ur de partager des mots et des envies avec les autres habitants du centre ancien de Mont\u00e9limar. Bien \u00e9videmment, de nouveaux journalistes de tous \u00e2ges et de tous [&hellip;]<\/p>\n","protected":false},"author":3,"featured_media":0,"parent":159,"menu_order":0,"comment_status":"closed","ping_status":"closed","template":"","meta":{"footnotes":""},"class_list":["post-194","page","type-page","status-publish","hentry"],"_links":{"self":[{"href":"https:\/\/eustaches.com\/index.php\/wp-json\/wp\/v2\/pages\/194","targetHints":{"allow":["GET"]}}],"collection":[{"href":"https:\/\/eustaches.com\/index.php\/wp-json\/wp\/v2\/pages"}],"about":[{"href":"https:\/\/eustaches.com\/index.php\/wp-json\/wp\/v2\/types\/page"}],"author":[{"embeddable":true,"href":"https:\/\/eustaches.com\/index.php\/wp-json\/wp\/v2\/users\/3"}],"replies":[{"embeddable":true,"href":"https:\/\/eustaches.com\/index.php\/wp-json\/wp\/v2\/comments?post=194"}],"version-history":[{"count":18,"href":"https:\/\/eustaches.com\/index.php\/wp-json\/wp\/v2\/pages\/194\/revisions"}],"predecessor-version":[{"id":1065,"href":"https:\/\/eustaches.com\/index.php\/wp-json\/wp\/v2\/pages\/194\/revisions\/1065"}],"up":[{"embeddable":true,"href":"https:\/\/eustaches.com\/index.php\/wp-json\/wp\/v2\/pages\/159"}],"wp:attachment":[{"href":"https:\/\/eustaches.com\/index.php\/wp-json\/wp\/v2\/media?parent=194"}],"curies":[{"name":"wp","href":"https:\/\/api.w.org\/{rel}","templated":true}]}}