{"id":2,"date":"2022-12-15T17:31:15","date_gmt":"2022-12-15T16:31:15","guid":{"rendered":"http:\/\/test.eustaches.com\/?page_id=2"},"modified":"2025-08-22T11:01:20","modified_gmt":"2025-08-22T09:01:20","slug":"accueil","status":"publish","type":"page","link":"https:\/\/eustaches.com\/","title":{"rendered":"Accueil"},"content":{"rendered":"<div class=\"wp-block-image\">\n<figure class=\"aligncenter size-full is-resized\"><img loading=\"lazy\" decoding=\"async\" width=\"731\" height=\"740\" src=\"https:\/\/eustaches.com\/wp-content\/uploads\/2024\/05\/chez-eustache-rond-inv.webp\" alt=\"Logo de Chez Eustache\" class=\"wp-image-563\" style=\"width:324px;height:auto\" srcset=\"https:\/\/eustaches.com\/wp-content\/uploads\/2024\/05\/chez-eustache-rond-inv.webp 731w, https:\/\/eustaches.com\/wp-content\/uploads\/2024\/05\/chez-eustache-rond-inv-296x300.webp 296w, https:\/\/eustaches.com\/wp-content\/uploads\/2024\/05\/chez-eustache-rond-inv-45x45.webp 45w\" sizes=\"auto, (max-width: 731px) 100vw, 731px\" \/><\/figure>\n<\/div>\n\n\n<p>Bienvenue !<\/p>\n\n\n\n<p>L&rsquo;association Les Trompes d\u2019Eustache, commun\u00e9ment appel\u00e9e Chez Eustache, est un Espace Public Num\u00e9rique (EPN) et un Espace de Vie Sociale (EVS) au centre-ville de Mont\u00e9limar.<\/p>\n\n\n\n<p>L&rsquo;EPN est un lieu tout public et connect\u00e9 qui propose du mat\u00e9riel informatique \u00e0 votre disposition, un accueil chaleureux et un accompagnement lors de vos d\u00e9marches en ligne et de votre d\u00e9couverte du num\u00e9rique. Certains de nos ateliers num\u00e9riques sont disponibles en ligne :<\/p>\n\n\n\n<div class=\"wp-block-buttons is-content-justification-center is-layout-flex wp-container-core-buttons-is-layout-a89b3969 wp-block-buttons-is-layout-flex\">\n<div class=\"wp-block-button is-style-fill\"><a class=\"wp-block-button__link has-black-color has-luminous-vivid-amber-background-color has-text-color has-background has-link-color wp-element-button\" href=\"https:\/\/ateliers.eustaches.com\/\" target=\"_blank\" rel=\"noreferrer noopener\">Site des Ateliers Num\u00e9riques<\/a><\/div>\n<\/div>\n\n\n\n<p>L&rsquo;EVS est le \u00ab\u00a0salon du quartier\u00a0\u00bb : vous pouvez y venir pour discuter, boire un caf\u00e9, vous r\u00e9unir&#8230; De plus, certains habitants du quartier vous proposent des activit\u00e9s en ateliers tout au long de l&rsquo;ann\u00e9e.<\/p>\n\n\n\n<p>L&rsquo;agenda vous renseigne sur les dates et horaires des prochains \u00e9v\u00e9nements et activit\u00e9s r\u00e9guli\u00e8res ainsi que nos horaires d&rsquo;ouverture :<\/p>\n\n\n\n<div class=\"wp-block-buttons is-content-justification-center is-layout-flex wp-container-core-buttons-is-layout-a89b3969 wp-block-buttons-is-layout-flex\">\n<div class=\"wp-block-button\"><a class=\"wp-block-button__link has-black-color has-luminous-vivid-amber-background-color has-text-color has-background has-link-color wp-element-button\" href=\"https:\/\/eustaches.com\/index.php\/accueil\/agenda\/\">Agenda<\/a><\/div>\n<\/div>\n","protected":false},"excerpt":{"rendered":"<p>Bienvenue ! L&rsquo;association Les Trompes d\u2019Eustache, commun\u00e9ment appel\u00e9e Chez Eustache, est un Espace Public Num\u00e9rique (EPN) et un Espace de Vie Sociale (EVS) au centre-ville de Mont\u00e9limar. L&rsquo;EPN est un lieu tout public et connect\u00e9 qui propose du mat\u00e9riel informatique \u00e0 votre disposition, un accueil chaleureux et un accompagnement lors de vos d\u00e9marches en ligne [&hellip;]<\/p>\n","protected":false},"author":3,"featured_media":0,"parent":0,"menu_order":0,"comment_status":"closed","ping_status":"closed","template":"","meta":{"footnotes":""},"class_list":["post-2","page","type-page","status-publish","hentry"],"_links":{"self":[{"href":"https:\/\/eustaches.com\/index.php\/wp-json\/wp\/v2\/pages\/2","targetHints":{"allow":["GET"]}}],"collection":[{"href":"https:\/\/eustaches.com\/index.php\/wp-json\/wp\/v2\/pages"}],"about":[{"href":"https:\/\/eustaches.com\/index.php\/wp-json\/wp\/v2\/types\/page"}],"author":[{"embeddable":true,"href":"https:\/\/eustaches.com\/index.php\/wp-json\/wp\/v2\/users\/3"}],"replies":[{"embeddable":true,"href":"https:\/\/eustaches.com\/index.php\/wp-json\/wp\/v2\/comments?post=2"}],"version-history":[{"count":30,"href":"https:\/\/eustaches.com\/index.php\/wp-json\/wp\/v2\/pages\/2\/revisions"}],"predecessor-version":[{"id":1060,"href":"https:\/\/eustaches.com\/index.php\/wp-json\/wp\/v2\/pages\/2\/revisions\/1060"}],"wp:attachment":[{"href":"https:\/\/eustaches.com\/index.php\/wp-json\/wp\/v2\/media?parent=2"}],"curies":[{"name":"wp","href":"https:\/\/api.w.org\/{rel}","templated":true}]}}