{"id":334,"date":"2023-08-25T10:34:32","date_gmt":"2023-08-25T08:34:32","guid":{"rendered":"http:\/\/test.eustaches.com\/?page_id=334"},"modified":"2025-10-16T09:20:22","modified_gmt":"2025-10-16T07:20:22","slug":"ateliers-creatifs","status":"publish","type":"page","link":"https:\/\/eustaches.com\/index.php\/vie-sociale\/ateliers-creatifs\/","title":{"rendered":"Ateliers cr\u00e9atifs"},"content":{"rendered":"\n<p>Anne dit AD vous attend tous les mardis matin de 10H \u00e0 12H pour des ateliers dessin et peinture.<br>Possibilit\u00e9 d&rsquo;intervention ext\u00e9rieure pour d\u00e9couvrir d&rsquo;autres domaines<\/p>\n\n\n\n<p><strong>Reprise de cette activit\u00e9 en novembre<\/strong>, <strong>le 1er et 3\u00e8me mardi <\/strong><br><br>Renseignement au pr\u00e8s de l&rsquo;EVS.<br><em>Place limit\u00e9e<\/em> <em>groupe de 6 maximum<\/em><\/p>\n\n\n\n<div class=\"wp-block-group is-content-justification-space-between is-nowrap is-layout-flex wp-container-core-group-is-layout-cb46ffcb wp-block-group-is-layout-flex\"><ul class=\"lcp_catlist\" id=\"lcp_instance_0\"><\/ul>\n<\/div>\n\n\n<div class=\"wp-block-image\">\n<figure class=\"aligncenter size-large is-resized\"><img loading=\"lazy\" decoding=\"async\" width=\"1024\" height=\"1024\" src=\"https:\/\/eustaches.com\/wp-content\/uploads\/2024\/05\/Mural-artist-amico-1024x1024.webp\" alt=\"Illustration artiste qui r\u00e9alise une peinture murale\" class=\"wp-image-618\" style=\"width:282px;height:282px\" srcset=\"https:\/\/eustaches.com\/wp-content\/uploads\/2024\/05\/Mural-artist-amico-1024x1024.webp 1024w, https:\/\/eustaches.com\/wp-content\/uploads\/2024\/05\/Mural-artist-amico-300x300.webp 300w, https:\/\/eustaches.com\/wp-content\/uploads\/2024\/05\/Mural-artist-amico-150x150.webp 150w, https:\/\/eustaches.com\/wp-content\/uploads\/2024\/05\/Mural-artist-amico-768x768.webp 768w, https:\/\/eustaches.com\/wp-content\/uploads\/2024\/05\/Mural-artist-amico-1536x1536.webp 1536w, https:\/\/eustaches.com\/wp-content\/uploads\/2024\/05\/Mural-artist-amico-45x45.webp 45w, https:\/\/eustaches.com\/wp-content\/uploads\/2024\/05\/Mural-artist-amico.webp 2000w\" sizes=\"auto, (max-width: 1024px) 100vw, 1024px\" \/><\/figure>\n<\/div>\n\n\n<p><a href=\"https:\/\/eustaches.com\/index.php\/category\/ateliers\/atelier-creatif\/\">Voir plus d&rsquo;articles sur les ateliers cr\u00e9atifs<\/a><\/p>\n","protected":false},"excerpt":{"rendered":"<p>Anne dit AD vous attend tous les mardis matin de 10H \u00e0 12H pour des ateliers dessin et peinture.Possibilit\u00e9 d&rsquo;intervention ext\u00e9rieure pour d\u00e9couvrir d&rsquo;autres domaines Reprise de cette activit\u00e9 en novembre, le 1er et 3\u00e8me mardi Renseignement au pr\u00e8s de l&rsquo;EVS.Place limit\u00e9e groupe de 6 maximum Voir plus d&rsquo;articles sur les ateliers cr\u00e9atifs<\/p>\n","protected":false},"author":3,"featured_media":0,"parent":159,"menu_order":0,"comment_status":"closed","ping_status":"closed","template":"","meta":{"footnotes":""},"class_list":["post-334","page","type-page","status-publish","hentry"],"_links":{"self":[{"href":"https:\/\/eustaches.com\/index.php\/wp-json\/wp\/v2\/pages\/334","targetHints":{"allow":["GET"]}}],"collection":[{"href":"https:\/\/eustaches.com\/index.php\/wp-json\/wp\/v2\/pages"}],"about":[{"href":"https:\/\/eustaches.com\/index.php\/wp-json\/wp\/v2\/types\/page"}],"author":[{"embeddable":true,"href":"https:\/\/eustaches.com\/index.php\/wp-json\/wp\/v2\/users\/3"}],"replies":[{"embeddable":true,"href":"https:\/\/eustaches.com\/index.php\/wp-json\/wp\/v2\/comments?post=334"}],"version-history":[{"count":15,"href":"https:\/\/eustaches.com\/index.php\/wp-json\/wp\/v2\/pages\/334\/revisions"}],"predecessor-version":[{"id":1126,"href":"https:\/\/eustaches.com\/index.php\/wp-json\/wp\/v2\/pages\/334\/revisions\/1126"}],"up":[{"embeddable":true,"href":"https:\/\/eustaches.com\/index.php\/wp-json\/wp\/v2\/pages\/159"}],"wp:attachment":[{"href":"https:\/\/eustaches.com\/index.php\/wp-json\/wp\/v2\/media?parent=334"}],"curies":[{"name":"wp","href":"https:\/\/api.w.org\/{rel}","templated":true}]}}