{"id":343,"date":"2023-08-25T10:44:35","date_gmt":"2023-08-25T08:44:35","guid":{"rendered":"http:\/\/test.eustaches.com\/?page_id=343"},"modified":"2024-07-09T16:23:38","modified_gmt":"2024-07-09T14:23:38","slug":"ateliers-numeriques","status":"publish","type":"page","link":"https:\/\/eustaches.com\/index.php\/numerique\/ateliers-numeriques\/","title":{"rendered":"Ateliers num\u00e9riques"},"content":{"rendered":"\n<div class=\"wp-block-buttons is-content-justification-center is-layout-flex wp-container-core-buttons-is-layout-a89b3969 wp-block-buttons-is-layout-flex\">\n<div class=\"wp-block-button is-style-fill\"><a class=\"wp-block-button__link has-black-color has-luminous-vivid-amber-background-color has-text-color has-background has-link-color wp-element-button\" href=\"https:\/\/ateliers.eustaches.com\/\" target=\"_blank\" rel=\"noreferrer noopener\">Site des Ateliers Num\u00e9rique<\/a><\/div>\n<\/div>\n\n\n\n<p>Les Ateliers Num\u00e9riques sont disponibles \u00e0 pr\u00e9sents en ligne et gratuitement sur <a href=\"https:\/\/ateliers.eustaches.com\/\" target=\"_blank\" rel=\"noreferrer noopener\">ateliers.eustaches.com<\/a> ! Cela vous permet d&rsquo;avoir acc\u00e8s une fois \u00e0 la maison aux supports utilis\u00e9s lors des ateliers en pr\u00e9sentiel, ainsi que consulter ceux que vous n&rsquo;avez pas pu suivre \u00e0 l&rsquo;EPN.<\/p>\n\n\n\n<p>Ces Ateliers Num\u00e9riques vous accompagnes jusqu&rsquo;\u00e0 l&rsquo;autonomie dans le num\u00e9rique pour \u00eatre plus \u00e0 l&rsquo;aise et arriver \u00e0 se d\u00e9brouiller avec son smartphone ou son ordinateur.<\/p>\n\n\n\n<div class=\"wp-block-group is-content-justification-space-between is-nowrap is-layout-flex wp-container-core-group-is-layout-cb46ffcb wp-block-group-is-layout-flex\"><ul class=\"lcp_catlist\" id=\"lcp_instance_0\"><\/ul>\n<\/div>\n\n\n<div class=\"wp-block-image\">\n<figure class=\"aligncenter size-large is-resized\"><img loading=\"lazy\" decoding=\"async\" width=\"1024\" height=\"1024\" src=\"https:\/\/eustaches.com\/wp-content\/uploads\/2024\/05\/Telework-pana-1024x1024.webp\" alt=\"Illustration de trois personnes sur des ordinateurs portables.\" class=\"wp-image-616\" style=\"width:306px;height:306px\" srcset=\"https:\/\/eustaches.com\/wp-content\/uploads\/2024\/05\/Telework-pana-1024x1024.webp 1024w, https:\/\/eustaches.com\/wp-content\/uploads\/2024\/05\/Telework-pana-300x300.webp 300w, https:\/\/eustaches.com\/wp-content\/uploads\/2024\/05\/Telework-pana-150x150.webp 150w, https:\/\/eustaches.com\/wp-content\/uploads\/2024\/05\/Telework-pana-768x768.webp 768w, https:\/\/eustaches.com\/wp-content\/uploads\/2024\/05\/Telework-pana-1536x1536.webp 1536w, https:\/\/eustaches.com\/wp-content\/uploads\/2024\/05\/Telework-pana-45x45.webp 45w, https:\/\/eustaches.com\/wp-content\/uploads\/2024\/05\/Telework-pana.webp 2000w\" sizes=\"auto, (max-width: 1024px) 100vw, 1024px\" \/><\/figure>\n<\/div>\n\n\n<p><a href=\"https:\/\/eustaches.com\/index.php\/category\/ateliers\/atelier-numerique\/\" data-type=\"link\" data-id=\"http:\/\/test.eustaches.com\/index.php\/category\/ateliers\/atelier-numerique\/\">Voir plus d&rsquo;article sur les ateliers num\u00e9riques.<\/a><\/p>\n","protected":false},"excerpt":{"rendered":"<p>Les Ateliers Num\u00e9riques sont disponibles \u00e0 pr\u00e9sents en ligne et gratuitement sur ateliers.eustaches.com ! Cela vous permet d&rsquo;avoir acc\u00e8s une fois \u00e0 la maison aux supports utilis\u00e9s lors des ateliers en pr\u00e9sentiel, ainsi que consulter ceux que vous n&rsquo;avez pas pu suivre \u00e0 l&rsquo;EPN. Ces Ateliers Num\u00e9riques vous accompagnes jusqu&rsquo;\u00e0 l&rsquo;autonomie dans le num\u00e9rique pour [&hellip;]<\/p>\n","protected":false},"author":3,"featured_media":0,"parent":162,"menu_order":0,"comment_status":"closed","ping_status":"closed","template":"","meta":{"footnotes":""},"class_list":["post-343","page","type-page","status-publish","hentry"],"_links":{"self":[{"href":"https:\/\/eustaches.com\/index.php\/wp-json\/wp\/v2\/pages\/343","targetHints":{"allow":["GET"]}}],"collection":[{"href":"https:\/\/eustaches.com\/index.php\/wp-json\/wp\/v2\/pages"}],"about":[{"href":"https:\/\/eustaches.com\/index.php\/wp-json\/wp\/v2\/types\/page"}],"author":[{"embeddable":true,"href":"https:\/\/eustaches.com\/index.php\/wp-json\/wp\/v2\/users\/3"}],"replies":[{"embeddable":true,"href":"https:\/\/eustaches.com\/index.php\/wp-json\/wp\/v2\/comments?post=343"}],"version-history":[{"count":5,"href":"https:\/\/eustaches.com\/index.php\/wp-json\/wp\/v2\/pages\/343\/revisions"}],"predecessor-version":[{"id":704,"href":"https:\/\/eustaches.com\/index.php\/wp-json\/wp\/v2\/pages\/343\/revisions\/704"}],"up":[{"embeddable":true,"href":"https:\/\/eustaches.com\/index.php\/wp-json\/wp\/v2\/pages\/162"}],"wp:attachment":[{"href":"https:\/\/eustaches.com\/index.php\/wp-json\/wp\/v2\/media?parent=343"}],"curies":[{"name":"wp","href":"https:\/\/api.w.org\/{rel}","templated":true}]}}