{"id":754,"date":"2024-09-03T12:03:39","date_gmt":"2024-09-03T10:03:39","guid":{"rendered":"https:\/\/eustaches.com\/?page_id=754"},"modified":"2025-08-22T12:06:57","modified_gmt":"2025-08-22T10:06:57","slug":"aide-devoir","status":"publish","type":"page","link":"https:\/\/eustaches.com\/index.php\/vie-sociale\/aide-devoir\/","title":{"rendered":"Accompagnement devoir : primaire coll\u00e8ge lyc\u00e9e"},"content":{"rendered":"\n<h2 class=\"wp-block-heading\">AD : Aide aux Devoirs<\/h2>\n\n\n\n<p>Accueil des \u00e9l\u00e8ves de coll\u00e8ge : le mercredi apr\u00e8s-midi de 15h \u00e0 17h.<\/p>\n\n\n\n<h2 class=\"wp-block-heading\">ANJ : Acc\u00e8s Num\u00e9rique Jeunes<\/h2>\n\n\n\n<p>L&rsquo;EPN est ouvert aux coll\u00e9giens et lyc\u00e9ens le mercredi apr\u00e8s-midi de 15h \u00e0 17h, pour accompagner lors de la r\u00e9daction de rapport de stage, diaporama et recherche pour des expos\u00e9s, inscription ParcourSup, demande de bourse&#8230;<\/p>\n\n\n\n<p>Pour les jeunes actifs : des ateliers CV avec un conseiller emploi sont \u00e9galement pr\u00e9vu certain mercredi apr\u00e8s-midi. Appelez nous pour conna\u00eetre les dates des prochains ateliers ! <\/p>\n\n\n<div class=\"wp-block-image\">\n<figure class=\"aligncenter size-large is-resized\"><img loading=\"lazy\" decoding=\"async\" width=\"1024\" height=\"1024\" src=\"https:\/\/eustaches.com\/wp-content\/uploads\/2024\/09\/Teacher-student-cuate-1024x1024.webp\" alt=\"Illustration d'un adulte qui aide un enfant \u00e0 faire ses devoirs\" class=\"wp-image-769\" style=\"width:401px;height:auto\" srcset=\"https:\/\/eustaches.com\/wp-content\/uploads\/2024\/09\/Teacher-student-cuate-1024x1024.webp 1024w, https:\/\/eustaches.com\/wp-content\/uploads\/2024\/09\/Teacher-student-cuate-300x300.webp 300w, https:\/\/eustaches.com\/wp-content\/uploads\/2024\/09\/Teacher-student-cuate-150x150.webp 150w, https:\/\/eustaches.com\/wp-content\/uploads\/2024\/09\/Teacher-student-cuate-768x768.webp 768w, https:\/\/eustaches.com\/wp-content\/uploads\/2024\/09\/Teacher-student-cuate-1536x1536.webp 1536w, https:\/\/eustaches.com\/wp-content\/uploads\/2024\/09\/Teacher-student-cuate-1320x1320.webp 1320w, https:\/\/eustaches.com\/wp-content\/uploads\/2024\/09\/Teacher-student-cuate-45x45.webp 45w, https:\/\/eustaches.com\/wp-content\/uploads\/2024\/09\/Teacher-student-cuate.webp 2000w\" sizes=\"auto, (max-width: 1024px) 100vw, 1024px\" \/><\/figure>\n<\/div>","protected":false},"excerpt":{"rendered":"<p>AD : Aide aux Devoirs Accueil des \u00e9l\u00e8ves de coll\u00e8ge : le mercredi apr\u00e8s-midi de 15h \u00e0 17h. ANJ : Acc\u00e8s Num\u00e9rique Jeunes L&rsquo;EPN est ouvert aux coll\u00e9giens et lyc\u00e9ens le mercredi apr\u00e8s-midi de 15h \u00e0 17h, pour accompagner lors de la r\u00e9daction de rapport de stage, diaporama et recherche pour des expos\u00e9s, inscription ParcourSup, [&hellip;]<\/p>\n","protected":false},"author":3,"featured_media":0,"parent":159,"menu_order":0,"comment_status":"closed","ping_status":"closed","template":"","meta":{"footnotes":""},"class_list":["post-754","page","type-page","status-publish","hentry"],"_links":{"self":[{"href":"https:\/\/eustaches.com\/index.php\/wp-json\/wp\/v2\/pages\/754","targetHints":{"allow":["GET"]}}],"collection":[{"href":"https:\/\/eustaches.com\/index.php\/wp-json\/wp\/v2\/pages"}],"about":[{"href":"https:\/\/eustaches.com\/index.php\/wp-json\/wp\/v2\/types\/page"}],"author":[{"embeddable":true,"href":"https:\/\/eustaches.com\/index.php\/wp-json\/wp\/v2\/users\/3"}],"replies":[{"embeddable":true,"href":"https:\/\/eustaches.com\/index.php\/wp-json\/wp\/v2\/comments?post=754"}],"version-history":[{"count":5,"href":"https:\/\/eustaches.com\/index.php\/wp-json\/wp\/v2\/pages\/754\/revisions"}],"predecessor-version":[{"id":1023,"href":"https:\/\/eustaches.com\/index.php\/wp-json\/wp\/v2\/pages\/754\/revisions\/1023"}],"up":[{"embeddable":true,"href":"https:\/\/eustaches.com\/index.php\/wp-json\/wp\/v2\/pages\/159"}],"wp:attachment":[{"href":"https:\/\/eustaches.com\/index.php\/wp-json\/wp\/v2\/media?parent=754"}],"curies":[{"name":"wp","href":"https:\/\/api.w.org\/{rel}","templated":true}]}}