{"id":759,"date":"2024-09-03T12:13:07","date_gmt":"2024-09-03T10:13:07","guid":{"rendered":"https:\/\/eustaches.com\/?page_id=759"},"modified":"2025-08-22T12:22:59","modified_gmt":"2025-08-22T10:22:59","slug":"scrabble-jeux-de-societe","status":"publish","type":"page","link":"https:\/\/eustaches.com\/index.php\/vie-sociale\/scrabble-jeux-de-societe\/","title":{"rendered":"Scrabble &amp; jeux de soci\u00e9t\u00e9"},"content":{"rendered":"\n<p>L&rsquo;EVS d&rsquo;Eustache est ouvert tous les vendredis de 14h \u00e0 17h et vous laisse acc\u00e8s \u00e0 divers jeux de soci\u00e9t\u00e9.<\/p>\n\n\n\n<p>Rencontre avec l&rsquo;\u00e9quipe des joueurs de la m\u00e9diath\u00e8que une fois par mois, et possibilit\u00e9 de se rendre au Caf\u00e9 3D.<\/p>\n\n\n\n<p>Cette activit\u00e9 est ouverte \u00e0 tous et sans inscription.<\/p>\n\n\n<div class=\"wp-block-image\">\n<figure class=\"aligncenter size-large is-resized\"><img loading=\"lazy\" decoding=\"async\" width=\"1024\" height=\"1024\" src=\"https:\/\/eustaches.com\/wp-content\/uploads\/2024\/09\/Game-day-cuate-1024x1024.webp\" alt=\"Illustration de trois personnes qui jouent \u00e0 un jeu de soci\u00e9t\u00e9 ensemble\" class=\"wp-image-774\" style=\"width:386px;height:auto\" srcset=\"https:\/\/eustaches.com\/wp-content\/uploads\/2024\/09\/Game-day-cuate-1024x1024.webp 1024w, https:\/\/eustaches.com\/wp-content\/uploads\/2024\/09\/Game-day-cuate-300x300.webp 300w, https:\/\/eustaches.com\/wp-content\/uploads\/2024\/09\/Game-day-cuate-150x150.webp 150w, https:\/\/eustaches.com\/wp-content\/uploads\/2024\/09\/Game-day-cuate-768x768.webp 768w, https:\/\/eustaches.com\/wp-content\/uploads\/2024\/09\/Game-day-cuate-1536x1536.webp 1536w, https:\/\/eustaches.com\/wp-content\/uploads\/2024\/09\/Game-day-cuate-1320x1320.webp 1320w, https:\/\/eustaches.com\/wp-content\/uploads\/2024\/09\/Game-day-cuate-45x45.webp 45w, https:\/\/eustaches.com\/wp-content\/uploads\/2024\/09\/Game-day-cuate.webp 2000w\" sizes=\"auto, (max-width: 1024px) 100vw, 1024px\" \/><\/figure>\n<\/div>","protected":false},"excerpt":{"rendered":"<p>L&rsquo;EVS d&rsquo;Eustache est ouvert tous les vendredis de 14h \u00e0 17h et vous laisse acc\u00e8s \u00e0 divers jeux de soci\u00e9t\u00e9. Rencontre avec l&rsquo;\u00e9quipe des joueurs de la m\u00e9diath\u00e8que une fois par mois, et possibilit\u00e9 de se rendre au Caf\u00e9 3D. Cette activit\u00e9 est ouverte \u00e0 tous et sans inscription.<\/p>\n","protected":false},"author":3,"featured_media":0,"parent":159,"menu_order":0,"comment_status":"closed","ping_status":"closed","template":"","meta":{"footnotes":""},"class_list":["post-759","page","type-page","status-publish","hentry"],"_links":{"self":[{"href":"https:\/\/eustaches.com\/index.php\/wp-json\/wp\/v2\/pages\/759","targetHints":{"allow":["GET"]}}],"collection":[{"href":"https:\/\/eustaches.com\/index.php\/wp-json\/wp\/v2\/pages"}],"about":[{"href":"https:\/\/eustaches.com\/index.php\/wp-json\/wp\/v2\/types\/page"}],"author":[{"embeddable":true,"href":"https:\/\/eustaches.com\/index.php\/wp-json\/wp\/v2\/users\/3"}],"replies":[{"embeddable":true,"href":"https:\/\/eustaches.com\/index.php\/wp-json\/wp\/v2\/comments?post=759"}],"version-history":[{"count":4,"href":"https:\/\/eustaches.com\/index.php\/wp-json\/wp\/v2\/pages\/759\/revisions"}],"predecessor-version":[{"id":1075,"href":"https:\/\/eustaches.com\/index.php\/wp-json\/wp\/v2\/pages\/759\/revisions\/1075"}],"up":[{"embeddable":true,"href":"https:\/\/eustaches.com\/index.php\/wp-json\/wp\/v2\/pages\/159"}],"wp:attachment":[{"href":"https:\/\/eustaches.com\/index.php\/wp-json\/wp\/v2\/media?parent=759"}],"curies":[{"name":"wp","href":"https:\/\/api.w.org\/{rel}","templated":true}]}}